{"id":2058,"date":"2024-06-13T16:12:56","date_gmt":"2024-06-13T13:12:56","guid":{"rendered":"http:\/\/kaegi.onpressidium.com\/lehre-bei-kagi\/"},"modified":"2024-06-13T16:12:56","modified_gmt":"2024-06-13T13:12:56","slug":"lehre-bei-kagi","status":"publish","type":"page","link":"https:\/\/www.kaegi.com\/fr\/lehre-bei-kagi\/","title":{"rendered":"Ausbildungsgl\u00fcck bei K\u00e4gi"},"content":{"rendered":"<p>Willst Du in die Welt der Schokoladenherstellung eintauchen und eine abwechslungsreiche Lehre mit einem Unternehmen erleben, das Dich inspiriert? Dann bist du bei K\u00e4gi im Toggenburg genau richtig! Wir bieten Dir die M\u00f6glichkeit, bei uns eine erstklassige Ausbildung zu absolvieren und Deine Leidenschaft f\u00fcr S\u00fcsswaren zu entdecken<\/p>\n<p>Wir bieten Lehrstellen in verschiedenen Bereichen, darunter Lebensmitteltechnologe, Lebensmittelpraktiker, Kauffrau\/Kaufmann, Logistiker und Anlagef\u00fchrer. Egal, ob Du handwerklich begabt bist oder technisches Interesse hast &#8211; bei K\u00e4gi findest Du die passende Lehrstelle f\u00fcr Deine Talente. Unsere Lernenden profitieren von einem praxisorientierten Ausbildungskonzept, in dem Du von erfahrenen Fachkr\u00e4ften lernst und Dein Wissen direkt in die Tat umsetzen kannst.<\/p>\n<p><center><iframe loading=\"lazy\" title=\"YouTube video player\" src=\"https:\/\/www.youtube.com\/embed\/jRMp1KZgydk?si=-5w7x_RJYApk0Haf\" width=\"560\" height=\"315\" frameborder=\"0\" allowfullscreen=\"allowfullscreen\"><\/iframe><\/center>Starte Deine berufliche Karriere mit den feinsten Schweizer Schokoladenwaffeln von K\u00e4gi und erlebe Ausbildungsgl\u00fcck, bei dem Du gef\u00f6rdert und gefordert wirst. Bewirb Dich jetzt f\u00fcr eine unserer begehrten Lehrstellen und entdecke die s\u00fcsse Seite der Ausbildung!<\/p>\n<p><strong>Finde Deine Ausbildungsgl\u00fcck bei K\u00e4gi im Toggenburg &#8211;\u00a0<a href=\"https:\/\/www.kaegi.com\/jobs\">Bewirb Dich noch heute!<\/a><\/strong><\/p>\n","protected":false},"excerpt":{"rendered":"<p>Willst Du in die Welt der Schokoladenherstellung eintauchen und eine abwechslungsreiche Lehre mit einem Unternehmen erleben, das Dich inspiriert? Dann bist du bei K\u00e4gi im Toggenburg genau richtig! Wir bieten Dir die M\u00f6glichkeit, bei uns eine erstklassige Ausbildung zu absolvieren und Deine Leidenschaft f\u00fcr S\u00fcsswaren zu entdecken Wir bieten Lehrstellen in verschiedenen Bereichen, darunter Lebensmitteltechnologe, [&hellip;]<\/p>\n","protected":false},"author":3,"featured_media":0,"parent":0,"menu_order":0,"comment_status":"closed","ping_status":"closed","template":"legal.php","meta":{"_acf_changed":false,"footnotes":""},"class_list":["post-2058","page","type-page","status-publish","hentry"],"acf":[],"yoast_head":"<!-- This site is optimized with the Yoast SEO plugin v27.3 - https:\/\/yoast.com\/product\/yoast-seo-wordpress\/ -->\n<title>Ausbildungsgl\u00fcck bei K\u00e4gi - K\u00e4gi<\/title>\n<meta name=\"description\" content=\"Erfahre mehr \u00fcber die Lehre bei K\u00e4gi! Mehr \u00fcber freie Lehrstellen und was hinter den Kulissen passiert, lernst du bei uns!\" \/>\n<meta name=\"robots\" content=\"index, follow, max-snippet:-1, max-image-preview:large, max-video-preview:-1\" \/>\n<link rel=\"canonical\" href=\"https:\/\/www.kaegi.com\/fr\/lehre-bei-kagi\/\" \/>\n<meta property=\"og:locale\" content=\"fr_FR\" \/>\n<meta property=\"og:type\" content=\"article\" \/>\n<meta property=\"og:title\" content=\"Ausbildungsgl\u00fcck bei K\u00e4gi - K\u00e4gi\" \/>\n<meta property=\"og:description\" content=\"Erfahre mehr \u00fcber die Lehre bei K\u00e4gi! Mehr \u00fcber freie Lehrstellen und was hinter den Kulissen passiert, lernst du bei uns!\" \/>\n<meta property=\"og:url\" content=\"https:\/\/www.kaegi.com\/fr\/lehre-bei-kagi\/\" \/>\n<meta property=\"og:site_name\" content=\"K\u00e4gi\" \/>\n<meta property=\"og:image\" content=\"https:\/\/www.kaegi.com\/wp-content\/uploads\/2024\/05\/home_1.webp\" \/>\n\t<meta property=\"og:image:width\" content=\"1200\" \/>\n\t<meta property=\"og:image:height\" content=\"460\" \/>\n\t<meta property=\"og:image:type\" content=\"image\/webp\" \/>\n<meta name=\"twitter:card\" content=\"summary_large_image\" \/>\n<meta name=\"twitter:label1\" content=\"Dur\u00e9e de lecture estim\u00e9e\" \/>\n\t<meta name=\"twitter:data1\" content=\"2 minutes\" \/>\n<script type=\"application\/ld+json\" class=\"yoast-schema-graph\">{\"@context\":\"https:\\\/\\\/schema.org\",\"@graph\":[{\"@type\":\"WebPage\",\"@id\":\"https:\\\/\\\/www.kaegi.com\\\/fr\\\/lehre-bei-kagi\\\/\",\"url\":\"https:\\\/\\\/www.kaegi.com\\\/fr\\\/lehre-bei-kagi\\\/\",\"name\":\"Ausbildungsgl\u00fcck bei K\u00e4gi - K\u00e4gi\",\"isPartOf\":{\"@id\":\"https:\\\/\\\/www.kaegi.com\\\/en\\\/#website\"},\"datePublished\":\"2024-06-13T13:12:56+00:00\",\"description\":\"Erfahre mehr \u00fcber die Lehre bei K\u00e4gi! Mehr \u00fcber freie Lehrstellen und was hinter den Kulissen passiert, lernst du bei uns!\",\"breadcrumb\":{\"@id\":\"https:\\\/\\\/www.kaegi.com\\\/fr\\\/lehre-bei-kagi\\\/#breadcrumb\"},\"inLanguage\":\"fr-FR\",\"potentialAction\":[{\"@type\":\"ReadAction\",\"target\":[\"https:\\\/\\\/www.kaegi.com\\\/fr\\\/lehre-bei-kagi\\\/\"]}]},{\"@type\":\"BreadcrumbList\",\"@id\":\"https:\\\/\\\/www.kaegi.com\\\/fr\\\/lehre-bei-kagi\\\/#breadcrumb\",\"itemListElement\":[{\"@type\":\"ListItem\",\"position\":1,\"name\":\"Home\",\"item\":\"https:\\\/\\\/www.kaegi.com\\\/fr\\\/\"},{\"@type\":\"ListItem\",\"position\":2,\"name\":\"Ausbildungsgl\u00fcck bei K\u00e4gi\"}]},{\"@type\":\"WebSite\",\"@id\":\"https:\\\/\\\/www.kaegi.com\\\/en\\\/#website\",\"url\":\"https:\\\/\\\/www.kaegi.com\\\/en\\\/\",\"name\":\"Kaegi.com\",\"description\":\"No1 Swiss Chocolate Wafer\",\"publisher\":{\"@id\":\"https:\\\/\\\/www.kaegi.com\\\/en\\\/#organization\"},\"alternateName\":\"Kaegi.com\",\"potentialAction\":[{\"@type\":\"SearchAction\",\"target\":{\"@type\":\"EntryPoint\",\"urlTemplate\":\"https:\\\/\\\/www.kaegi.com\\\/en\\\/?s={search_term_string}\"},\"query-input\":{\"@type\":\"PropertyValueSpecification\",\"valueRequired\":true,\"valueName\":\"search_term_string\"}}],\"inLanguage\":\"fr-FR\"},{\"@type\":\"Organization\",\"@id\":\"https:\\\/\\\/www.kaegi.com\\\/en\\\/#organization\",\"name\":\"Kaegi.com\",\"alternateName\":\"Kaegi.com\",\"url\":\"https:\\\/\\\/www.kaegi.com\\\/en\\\/\",\"logo\":{\"@type\":\"ImageObject\",\"inLanguage\":\"fr-FR\",\"@id\":\"https:\\\/\\\/www.kaegi.com\\\/en\\\/#\\\/schema\\\/logo\\\/image\\\/\",\"url\":\"https:\\\/\\\/www.kaegi.com\\\/wp-content\\\/uploads\\\/2024\\\/05\\\/apple-touch-icon-180x180-1.png\",\"contentUrl\":\"https:\\\/\\\/www.kaegi.com\\\/wp-content\\\/uploads\\\/2024\\\/05\\\/apple-touch-icon-180x180-1.png\",\"width\":180,\"height\":180,\"caption\":\"Kaegi.com\"},\"image\":{\"@id\":\"https:\\\/\\\/www.kaegi.com\\\/en\\\/#\\\/schema\\\/logo\\\/image\\\/\"}}]}<\/script>\n<!-- \/ Yoast SEO plugin. -->","yoast_head_json":{"title":"Ausbildungsgl\u00fcck bei K\u00e4gi - K\u00e4gi","description":"Erfahre mehr \u00fcber die Lehre bei K\u00e4gi! Mehr \u00fcber freie Lehrstellen und was hinter den Kulissen passiert, lernst du bei uns!","robots":{"index":"index","follow":"follow","max-snippet":"max-snippet:-1","max-image-preview":"max-image-preview:large","max-video-preview":"max-video-preview:-1"},"canonical":"https:\/\/www.kaegi.com\/fr\/lehre-bei-kagi\/","og_locale":"fr_FR","og_type":"article","og_title":"Ausbildungsgl\u00fcck bei K\u00e4gi - K\u00e4gi","og_description":"Erfahre mehr \u00fcber die Lehre bei K\u00e4gi! Mehr \u00fcber freie Lehrstellen und was hinter den Kulissen passiert, lernst du bei uns!","og_url":"https:\/\/www.kaegi.com\/fr\/lehre-bei-kagi\/","og_site_name":"K\u00e4gi","og_image":[{"width":1200,"height":460,"url":"https:\/\/www.kaegi.com\/wp-content\/uploads\/2024\/05\/home_1.webp","type":"image\/webp"}],"twitter_card":"summary_large_image","twitter_misc":{"Dur\u00e9e de lecture estim\u00e9e":"2 minutes"},"schema":{"@context":"https:\/\/schema.org","@graph":[{"@type":"WebPage","@id":"https:\/\/www.kaegi.com\/fr\/lehre-bei-kagi\/","url":"https:\/\/www.kaegi.com\/fr\/lehre-bei-kagi\/","name":"Ausbildungsgl\u00fcck bei K\u00e4gi - K\u00e4gi","isPartOf":{"@id":"https:\/\/www.kaegi.com\/en\/#website"},"datePublished":"2024-06-13T13:12:56+00:00","description":"Erfahre mehr \u00fcber die Lehre bei K\u00e4gi! Mehr \u00fcber freie Lehrstellen und was hinter den Kulissen passiert, lernst du bei uns!","breadcrumb":{"@id":"https:\/\/www.kaegi.com\/fr\/lehre-bei-kagi\/#breadcrumb"},"inLanguage":"fr-FR","potentialAction":[{"@type":"ReadAction","target":["https:\/\/www.kaegi.com\/fr\/lehre-bei-kagi\/"]}]},{"@type":"BreadcrumbList","@id":"https:\/\/www.kaegi.com\/fr\/lehre-bei-kagi\/#breadcrumb","itemListElement":[{"@type":"ListItem","position":1,"name":"Home","item":"https:\/\/www.kaegi.com\/fr\/"},{"@type":"ListItem","position":2,"name":"Ausbildungsgl\u00fcck bei K\u00e4gi"}]},{"@type":"WebSite","@id":"https:\/\/www.kaegi.com\/en\/#website","url":"https:\/\/www.kaegi.com\/en\/","name":"Kaegi.com","description":"No1 Swiss Chocolate Wafer","publisher":{"@id":"https:\/\/www.kaegi.com\/en\/#organization"},"alternateName":"Kaegi.com","potentialAction":[{"@type":"SearchAction","target":{"@type":"EntryPoint","urlTemplate":"https:\/\/www.kaegi.com\/en\/?s={search_term_string}"},"query-input":{"@type":"PropertyValueSpecification","valueRequired":true,"valueName":"search_term_string"}}],"inLanguage":"fr-FR"},{"@type":"Organization","@id":"https:\/\/www.kaegi.com\/en\/#organization","name":"Kaegi.com","alternateName":"Kaegi.com","url":"https:\/\/www.kaegi.com\/en\/","logo":{"@type":"ImageObject","inLanguage":"fr-FR","@id":"https:\/\/www.kaegi.com\/en\/#\/schema\/logo\/image\/","url":"https:\/\/www.kaegi.com\/wp-content\/uploads\/2024\/05\/apple-touch-icon-180x180-1.png","contentUrl":"https:\/\/www.kaegi.com\/wp-content\/uploads\/2024\/05\/apple-touch-icon-180x180-1.png","width":180,"height":180,"caption":"Kaegi.com"},"image":{"@id":"https:\/\/www.kaegi.com\/en\/#\/schema\/logo\/image\/"}}]}},"_links":{"self":[{"href":"https:\/\/www.kaegi.com\/fr\/wp-json\/wp\/v2\/pages\/2058","targetHints":{"allow":["GET"]}}],"collection":[{"href":"https:\/\/www.kaegi.com\/fr\/wp-json\/wp\/v2\/pages"}],"about":[{"href":"https:\/\/www.kaegi.com\/fr\/wp-json\/wp\/v2\/types\/page"}],"author":[{"embeddable":true,"href":"https:\/\/www.kaegi.com\/fr\/wp-json\/wp\/v2\/users\/3"}],"replies":[{"embeddable":true,"href":"https:\/\/www.kaegi.com\/fr\/wp-json\/wp\/v2\/comments?post=2058"}],"version-history":[{"count":0,"href":"https:\/\/www.kaegi.com\/fr\/wp-json\/wp\/v2\/pages\/2058\/revisions"}],"wp:attachment":[{"href":"https:\/\/www.kaegi.com\/fr\/wp-json\/wp\/v2\/media?parent=2058"}],"curies":[{"name":"wp","href":"https:\/\/api.w.org\/{rel}","templated":true}]}}